{"id":43,"date":"2018-12-20T13:35:37","date_gmt":"2018-12-20T12:35:37","guid":{"rendered":"http:\/\/larre.se\/?page_id=43"},"modified":"2018-12-26T18:16:44","modified_gmt":"2018-12-26T17:16:44","slug":"valkomna","status":"publish","type":"page","link":"http:\/\/larre.se\/ar\/","title":{"rendered":"\u0645\u0646\u0632\u0644"},"content":{"rendered":"\n<script src=\"https:\/\/ajax.googleapis.com\/ajax\/libs\/jquery\/3.3.1\/jquery.min.js\"><\/script>\n<script type=\"text\/javascript\">\njQuery(document).ready(function( $ ) {\n\t\n\t\/\/ $ Works! You can test it with next line if you like\n\t$(\".right\").css(\"margin-top\", \"200px\"); \n        $(\"#content\").css(\"margin-top\", \"200px\"); \nif (window.location.href.indexOf(\"\/en\/\") > -1) {\n$(\"#autismthumb\").attr(\"src\", \"https:\/\/larre.se\/wp-content\/uploads\/2018\/12\/autism-en.png\");\n}\n});\n<\/script>\n\n\n\n<div class=\"welcome\">\n<h1>V\u00e4lkomna!<\/h1>\nH\u00e4r kommer jag att dela med mig av mina tankar och analyser kring olika \u00e4mnen som intresserar mig och som jag tror kan intressera er l\u00e4sare ocks\u00e5. Varje inl\u00e4gg kommer vara m\u00f6jligt att kommentera, d\u00e5 jag g\u00e4rna vill starta diskussioner kring mina tankar.<\/br><\/br>\nDet \u00e4r f\u00f6rresten ingen slump att sajten \u00e4r gr\u00f6n och vit. R\u00f6gle BK \u00e4r ju laget i mitt hj\u00e4rta =)\n<\/div>\n\n\n\n<div class=\"grid-container grid-container__classic tc-grid-shadow tc-grid-border tc-grid-hover-move\" id=\"czr_grid-5c1ec14028d33\" data-czr-model_id=\"post_list_grid\" data-czr-template=\"templates\/parts\/modules\/grid\/grid_wrapper\">\n  <div class=\"grid__wrapper grid\">\n  <section class=\"row grid__section cols-3 grid-section-not-featured\">\n\n<article class=\"grid-item col-12 col-md-6 col-xl-4 col-lg-4 post-91 post type-post status-publish format-standard hentry category-autism\" id=\"post-91\">\n  <section class=\"grid__item\">\n    <div class=\"tc-grid-figure entry-media__holder has-thumb czr__r-wGR js-centering\" data-img-centered-in-container=\"2\">\n      <div class=\"entry-media__wrapper czr__r-i\">\n        <a title=\"\" class=\"bg-link\" href=\"https:\/\/larre.se\/autism-introduktion\/\"><\/a>\n        <img loading=\"lazy\" decoding=\"async\" width=\"255\" height=\"158\" id=\"autismthumb\" class=\"attachment-tc-grid tc-thumb-type-attachment czr-img h-centered opacity-forced\" style=\"left: -0.5px; top: 0px; width: auto; height: 130px;\" alt=\"\" src=\"https:\/\/larre.se\/wp-content\/uploads\/2018\/12\/autism-570x350@2x.png\" data-img-centered=\"3\">      <\/div>\n      <div class=\"tc-grid-caption\">\n          <div class=\"entry-summary \">\n                        <div class=\"tc-g-cont czr-talign\"><p>H\u00e4r delar jag med mig av mina erfarenheter av att leva med h\u00f6gfungerande autism. Jag kommer att f\u00f6rklara lite vad det inneb\u00e4r samt skriva om olika situationer jag varit med om och hur jag tolkat saker och ting d\u00e5. Jag kommer \u00e4ven f\u00f6rklara varf\u00f6r jag tagit avst\u00e5nd fr\u00e5n det diagnosnamn [\u2026]<\/p><\/div>\n                      <\/div>\n                <\/div>\n\n          <\/div>\n      <div class=\"tc-content\">\n      <header class=\"entry-header \">\n  <div class=\"entry-header-inner \">\n                <h2 class=\"entry-title\">\n      <a title=\"Permalink till Introduktion h\u00f6gfungerande autism\" class=\"czr-title\" href=\"https:\/\/larre.se\/autism-introduktion\/\" rel=\"bookmark\"><span class=\"startlink\">H\u00d6GFUNGERANDE AUTISM<\/span><\/a>\n    <\/h2>\n      <\/div>\n<\/header>          <\/div>\n    <\/section>\n<\/article> \n<article class=\"grid-item col-12 col-md-6 col-xl-4 col-lg-4 post-91 post type-post status-publish format-standard hentry category-james-bond\">\n<section class=\"grid__item\">\n    <div class=\"tc-grid-figure entry-media__holder has-thumb czr__r-wGR js-centering\" data-img-centered-in-container=\"2\">\n      <div class=\"entry-media__wrapper czr__r-i\">\n        <a title=\"\" class=\"bg-link\" href=\"https:\/\/larre.se\/james-bond-introduktion\/\"><\/a>\n        <img loading=\"lazy\" decoding=\"async\" width=\"255\" height=\"158\" class=\"attachment-tc-grid tc-thumb-type-attachment czr-img h-centered opacity-forced\" style=\"left: -10.5px; top: 0px; width: auto; height: 130px;\" alt=\"\" src=\"https:\/\/larre.se\/wp-content\/uploads\/2018\/12\/James-Bond-alla-678x381-570x350@2x.jpg\" data-img-centered=\"3\">      <\/div>\n      <div class=\"tc-grid-caption\">\n          <div class=\"entry-summary \">\n                        <div class=\"tc-g-cont czr-talign\"><p>H\u00e4r analyserar jag allt m\u00f6jligt inom James Bonds v\u00e4rld. Det finns s\u00e5 mycket att tycka och t\u00e4nka inom den h\u00e4r v\u00e4rlden och tillr\u00e4ckligt med faktasidor om Bond, d\u00e4rf\u00f6r tar jag mig an denna annorlunda approach. Och som alltid, James Bond will return!<\/p><\/div>\n                      <\/div>\n                <\/div>\n\n          <\/div>\n      <div class=\"tc-content\">\n      <header class=\"entry-header \" data-czr-model_id=\"post_list_item_header\" data-czr-template=\"templates\/parts\/content\/post-lists\/item-parts\/headings\/post_list_item_header\">\n  <div class=\"entry-header-inner \">\n                <h2 class=\"entry-title\" id=\"jamesbond\">\n      <a title=\"Permalink till Introduktion James Bond\" class=\"czr-title\" href=\"https:\/\/larre.se\/james-bond-introduktion\/\" rel=\"bookmark\"><span class=\"startlink\">JAMES BOND<\/span><\/a>\n    <\/h2>  <\/br>                 <\/div>\n<\/header>\n   <\/div>\n    <\/section><\/article>\n<article class=\"grid-item col-12 col-md-6 col-xl-4 col-lg-4 post-91 post type-post status-publish format-standard hentry category-tennis\">\n<section class=\"grid__item\">\n    <div class=\"tc-grid-figure entry-media__holder has-thumb czr__r-wGR js-centering\" data-img-centered-in-container=\"2\">\n      <div class=\"entry-media__wrapper czr__r-i\">\n        <a title=\"\" class=\"bg-link\" href=\"https:\/\/larre.se\/tennis-introduktion\/\"><\/a>\n        <img loading=\"lazy\" decoding=\"async\" width=\"255\" height=\"158\" class=\"attachment-tc-grid tc-thumb-type-attachment czr-img h-centered opacity-forced\" style=\"left: -10.5px; top: 0px; width: auto; height: 130px;\" alt=\"\" src=\"https:\/\/larre.se\/wp-content\/uploads\/2018\/12\/tennis-363662_1920.jpg\" data-img-centered=\"3\">      <\/div>\n      <div class=\"tc-grid-caption\">\n          <div class=\"entry-summary \">\n                        <div class=\"tc-g-cont czr-talign\"><p>Tennis var mitt f\u00f6rsta stora intresse och jag har mycket stor erfarenhet. H\u00e4r \u00e4r min tanke att skriva artiklar som kanske kan hj\u00e4lpa just dig att bli en b\u00e4ttre spelare?<br\/>\nJag har bara g\u00e5tt grundl\u00e4ggande tr\u00e4narutbildning men vet \u00e4nd\u00e5 enormt mycket om hur man ut\u00f6var denna \u00e4lda sport!<\/p><\/div>\n                      <\/div>\n                <\/div>\n\n          <\/div>\n      <div class=\"tc-content\">\n      <header class=\"entry-header \" data-czr-model_id=\"post_list_item_header\" data-czr-template=\"templates\/parts\/content\/post-lists\/item-parts\/headings\/post_list_item_header\">\n  <div class=\"entry-header-inner \">\n                <h2 class=\"entry-title\" id=\"tennis\">\n      <a title=\"Permalink till Introduktion Tennis\" class=\"czr-title\" href=\"https:\/\/larre.se\/tennis-introduktion\/\" rel=\"bookmark\"><span class=\"startlink\">TENNIS<\/span><\/a>\n    <\/h2>  <\/br>                 <\/div>\n<\/header>\n   <\/div>\n    <\/section><\/article>\n<\/section><\/div>\n<\/div>\n","protected":false},"excerpt":{"rendered":"<p>V\u00e4lkomna! H\u00e4r kommer jag att dela med mig av mina tankar och analyser kring olika \u00e4mnen som intresserar mig och som jag tror kan intressera er l\u00e4sare ocks\u00e5. Varje inl\u00e4gg kommer vara m\u00f6jligt att kommentera, d\u00e5 jag g\u00e4rna vill starta diskussioner kring mina tankar. Det \u00e4r f\u00f6rresten ingen slump att sajten \u00e4r gr\u00f6n och vit. [&hellip;]<\/p>\n","protected":false},"author":1,"featured_media":0,"parent":0,"menu_order":0,"comment_status":"closed","ping_status":"closed","template":"","meta":{"footnotes":""},"class_list":["post-43","page","type-page","status-publish","czr-hentry"],"_links":{"self":[{"href":"http:\/\/larre.se\/ar\/wp-json\/wp\/v2\/pages\/43","targetHints":{"allow":["GET"]}}],"collection":[{"href":"http:\/\/larre.se\/ar\/wp-json\/wp\/v2\/pages"}],"about":[{"href":"http:\/\/larre.se\/ar\/wp-json\/wp\/v2\/types\/page"}],"author":[{"embeddable":true,"href":"http:\/\/larre.se\/ar\/wp-json\/wp\/v2\/users\/1"}],"replies":[{"embeddable":true,"href":"http:\/\/larre.se\/ar\/wp-json\/wp\/v2\/comments?post=43"}],"version-history":[{"count":33,"href":"http:\/\/larre.se\/ar\/wp-json\/wp\/v2\/pages\/43\/revisions"}],"predecessor-version":[{"id":406,"href":"http:\/\/larre.se\/ar\/wp-json\/wp\/v2\/pages\/43\/revisions\/406"}],"wp:attachment":[{"href":"http:\/\/larre.se\/ar\/wp-json\/wp\/v2\/media?parent=43"}],"curies":[{"name":"wp","href":"https:\/\/api.w.org\/{rel}","templated":true}]}}